{"id":177,"date":"2017-05-31T15:33:12","date_gmt":"2017-05-31T13:33:12","guid":{"rendered":"http:\/\/alltogether.be\/?page_id=177"},"modified":"2017-08-12T23:25:17","modified_gmt":"2017-08-12T21:25:17","slug":"projectmanagement","status":"publish","type":"page","link":"https:\/\/alltogether.be\/index.php\/projectmanagement\/","title":{"rendered":"Gestion de Projet"},"content":{"rendered":"<div id=\"attachment_685\" style=\"width: 1930px\" class=\"wp-caption alignnone\"><img loading=\"lazy\" decoding=\"async\" aria-describedby=\"caption-attachment-685\" class=\"size-full wp-image-685\" src=\"http:\/\/alltogether.be\/wp-content\/uploads\/2017\/05\/idea-1876659_1920.jpg\" alt=\"\" width=\"1920\" height=\"1152\" srcset=\"https:\/\/alltogether.be\/wp-content\/uploads\/2017\/05\/idea-1876659_1920.jpg 1920w, https:\/\/alltogether.be\/wp-content\/uploads\/2017\/05\/idea-1876659_1920-300x180.jpg 300w, https:\/\/alltogether.be\/wp-content\/uploads\/2017\/05\/idea-1876659_1920-768x461.jpg 768w, https:\/\/alltogether.be\/wp-content\/uploads\/2017\/05\/idea-1876659_1920-1024x614.jpg 1024w\" sizes=\"auto, (max-width: 1920px) 100vw, 1920px\" \/><p id=\"caption-attachment-685\" class=\"wp-caption-text\">https:\/\/pixabay.com\/en\/idea-empty-paper-pen-light-bulb-1876659\/<\/p><\/div>\n<h1>Vous avez une id\u00e9e &#8230; vous avez un r\u00eave &#8230;<\/h1>\n<p>Vous d\u00e9sirez r\u00e9aliser quelque chose de nouveau\u00a0&#8230; d&rsquo;in\u00e9dit &#8230;<br \/>\nMais vous ne savez pas r\u00e9ellement comment vous y prendre &#8230;<\/p>\n<p>Faites appel \u00e0 nous et nous vous aiderons \u00e0 transformer votre id\u00e9e en une r\u00e9alit\u00e9.<br \/>\nCette concr\u00e9tisation se fera par la r\u00e9alisation d&rsquo;un projet, votre projet.<\/p>\n<p>Nous vous donnerons la m\u00e9thodologie et la structure n\u00e9cessaires et<br \/>\nnous vous guiderons pas \u00e0 pas dans sa r\u00e9alisation.<\/p>\n<p>Nous vous <strong>formerons<\/strong> et\/ou vous <strong>accompagnerons<\/strong> donc tout au long de votre projet afin que cette aventure soit une totale r\u00e9ussite.<br \/>\nCe projet restera donc le v\u00f4tre et vous serez donc l&rsquo;acteur principal de votre propre futur.<\/p>\n<h2>Formation en gestion de projet<\/h2>\n<p>Nous proposons des formations pratiques (courtes et longues) en mati\u00e8re de gestion de projet.<br \/>\nL&rsquo;approche suivie est <strong>multi-disciplinaire <\/strong>(inspir\u00e9e du PMI = <a href=\"https:\/\/www.pmi.org\/\">Project Management Institute <\/a>et de son fameux PMBOK).<strong><br \/>\n<\/strong><\/p>\n<p><strong>A l&rsquo;issue de ces formations, vous serez en mesure de<\/strong> :<\/p>\n<ul>\n<li>d\u00e9finir un projet, un portefeuille de projets, la gestion de projet et la gestion par projets;<\/li>\n<li>de choisir la bonne structure de projet;<\/li>\n<li>de d\u00e9terminer la composition id\u00e9ale de l&rsquo;\u00e9quipe de projet;<\/li>\n<li>d&rsquo;identifier et de de g\u00e9rer les diff\u00e9rents acteurs pouvant influencer la r\u00e9alisation du projet;<\/li>\n<li>d&rsquo;identifier et de ma\u00eetriser les quatre contraintes de base de tout projet :<br \/>\n&#8211; la p\u00e9rim\u00e8tre (\u00ab\u00a0scope\u00a0\u00bb ou port\u00e9e)<br \/>\n&#8211; le temps<br \/>\n&#8211; les co\u00fbts<br \/>\n&#8211; la qualit\u00e9<\/li>\n<li>de prendre conscience du caract\u00e8re multi-disciplinaire de la gestion de projet et de ma\u00eetriser les comp\u00e9tences facilitatrices indispensables;<br \/>\n&#8211; Le leadership et l&rsquo;\u00e9quipe de projet,<br \/>\n&#8211; le coaching au secours de la gestion de projet,<br \/>\n&#8211; la gestion du changement,<br \/>\n&#8211; la gestion des risques,<br \/>\n&#8211; la gestion de la communication (interne et externe),<br \/>\n&#8211; la gestion des ressources humaines,<br \/>\n&#8211; la gestion des acquisitions et ressources mat\u00e9rielles,<\/li>\n<li>d&rsquo;identifier et int\u00e9grer les 6 groupes de processus constituant les phases g\u00e9n\u00e9riques d&rsquo;un projet<br \/>\n&#8211; le \u00ab\u00a0Project Mangement Life cycle\u00a0\u00bb versus le \u00ab\u00a0Product Life cycle\u00a0\u00bb,<br \/>\n&#8211; les \u00ab\u00a0Origination processes\u00a0\u00bb,<br \/>\n&#8211; les \u00ab\u00a0Initiation processes\u00a0\u00bb,<br \/>\n&#8211; les \u00ab\u00a0Planning processes\u00a0\u00bb,<br \/>\n&#8211; les \u00ab\u00a0Executing processes\u00a0\u00bb,<br \/>\n&#8211; les \u00ab\u00a0Controling and Monitoring processes\u00a0\u00bb,<br \/>\n&#8211; les \u00ab\u00a0Closing processes\u00a0\u00bb,<\/li>\n<li>de comprendre les r\u00f4les et responsabilit\u00e9s des membres de l&rsquo;\u00e9quipe de projet dans chacune de ces 6 phases g\u00e9n\u00e9riques<\/li>\n<li>de d\u00e9finir les \u00ab\u00a0milestones\u00a0\u00bb d&rsquo;un projet et d&rsquo;\u00e9tablir les documents de r\u00e9f\u00e9rence correspondant<\/li>\n<li>de mettre en rapport les processus de chaque phase et les comp\u00e9tences n\u00e9cessaires (tableau r\u00e9capitulatif);<\/li>\n<li>de positionner la gestion de projet traditionnelle par rapport aux m\u00e9thodes \u00ab\u00a0Agile\u00a0\u00bb<\/li>\n<li>de r\u00e9aliser un projet r\u00e9el en ex\u00e9cutant les 6 groupes de processus et en mettant en \u0153uvre les comp\u00e9tences acquises.<\/li>\n<\/ul>\n<h2>Accompagnement de votre projet.<\/h2>\n<p>A l&rsquo;issue de la formation, nous pouvons \u00e9galement vous accompagner dans la r\u00e9alisation effective de votre projet.<br \/>\nDe cette mani\u00e8re, nous guiderons et coacherons pas \u00e0 pas le chef de projet (et l&rsquo;\u00e9quipe de projet) et ce durant tout le cycle de vie de votre projet.<br \/>\nCet accompagnement se fera par des s\u00e9ances de \u00ab\u00a0guidage\u00a0\u00bb cibl\u00e9es et par des \u00e9valuations successives.<\/p>\n<p><strong>Mais une fois de plus, nous ne r\u00e9aliserons pas le projet \u00e0 votre place &#8230; nous le ferons ensemble en valorisant les enseignements dispens\u00e9s et surtout les comp\u00e9tences pr\u00e9sentes dans votre soci\u00e9t\u00e9.<\/strong><\/p>\n","protected":false},"excerpt":{"rendered":"<p>Vous avez une id\u00e9e &#8230; vous avez un r\u00eave &#8230; Vous d\u00e9sirez r\u00e9aliser quelque chose de nouveau\u00a0&#8230; d&rsquo;in\u00e9dit &#8230; Mais vous ne savez pas r\u00e9ellement comment vous y prendre &#8230; Faites appel \u00e0 nous et nous vous aiderons \u00e0 transformer votre id\u00e9e en une r\u00e9alit\u00e9. Cette concr\u00e9tisation se fera par la r\u00e9alisation d&rsquo;un projet, votre <a class=\"more-link\" href=\"https:\/\/alltogether.be\/index.php\/projectmanagement\/\">Lire plus &#8230;<\/a><\/p>\n","protected":false},"author":1,"featured_media":0,"parent":0,"menu_order":0,"comment_status":"closed","ping_status":"closed","template":"","meta":{"_exactmetrics_skip_tracking":false,"_exactmetrics_sitenote_active":false,"_exactmetrics_sitenote_note":"","_exactmetrics_sitenote_category":0,"footnotes":""},"class_list":["post-177","page","type-page","status-publish","hentry"],"_links":{"self":[{"href":"https:\/\/alltogether.be\/index.php\/wp-json\/wp\/v2\/pages\/177","targetHints":{"allow":["GET"]}}],"collection":[{"href":"https:\/\/alltogether.be\/index.php\/wp-json\/wp\/v2\/pages"}],"about":[{"href":"https:\/\/alltogether.be\/index.php\/wp-json\/wp\/v2\/types\/page"}],"author":[{"embeddable":true,"href":"https:\/\/alltogether.be\/index.php\/wp-json\/wp\/v2\/users\/1"}],"replies":[{"embeddable":true,"href":"https:\/\/alltogether.be\/index.php\/wp-json\/wp\/v2\/comments?post=177"}],"version-history":[{"count":16,"href":"https:\/\/alltogether.be\/index.php\/wp-json\/wp\/v2\/pages\/177\/revisions"}],"predecessor-version":[{"id":686,"href":"https:\/\/alltogether.be\/index.php\/wp-json\/wp\/v2\/pages\/177\/revisions\/686"}],"wp:attachment":[{"href":"https:\/\/alltogether.be\/index.php\/wp-json\/wp\/v2\/media?parent=177"}],"curies":[{"name":"wp","href":"https:\/\/api.w.org\/{rel}","templated":true}]}}