{"id":315,"date":"2017-06-12T20:03:40","date_gmt":"2017-06-12T18:03:40","guid":{"rendered":"http:\/\/alltogether.be\/?page_id=315"},"modified":"2017-08-12T22:45:24","modified_gmt":"2017-08-12T20:45:24","slug":"gestion-des-risques","status":"publish","type":"page","link":"https:\/\/alltogether.be\/index.php\/gestion-des-risques\/","title":{"rendered":"Gestion des Risques"},"content":{"rendered":"<div id=\"attachment_678\" style=\"width: 5482px\" class=\"wp-caption alignnone\"><img loading=\"lazy\" decoding=\"async\" aria-describedby=\"caption-attachment-678\" class=\"size-full wp-image-678\" src=\"http:\/\/alltogether.be\/wp-content\/uploads\/2017\/08\/risk-pexels.jpg\" alt=\"\" width=\"5472\" height=\"3648\" srcset=\"https:\/\/alltogether.be\/wp-content\/uploads\/2017\/08\/risk-pexels.jpg 5472w, https:\/\/alltogether.be\/wp-content\/uploads\/2017\/08\/risk-pexels-300x200.jpg 300w, https:\/\/alltogether.be\/wp-content\/uploads\/2017\/08\/risk-pexels-768x512.jpg 768w, https:\/\/alltogether.be\/wp-content\/uploads\/2017\/08\/risk-pexels-1024x683.jpg 1024w, https:\/\/alltogether.be\/wp-content\/uploads\/2017\/08\/risk-pexels-272x182.jpg 272w\" sizes=\"auto, (max-width: 5472px) 100vw, 5472px\" \/><p id=\"caption-attachment-678\" class=\"wp-caption-text\">https:\/\/static.pexels.com\/photos\/36763\/slip-up-danger-careless-slippery.jpg<\/p><\/div>\n<h2>Anticiper les soucis et profiter des opportunit\u00e9s.<\/h2>\n<p>La <b>gestion des risques<\/b>, ou <b>management du risque<\/b> (<i>risk management<\/i>), est la discipline qui s&rsquo;attache \u00e0 identifier, \u00e9valuer et prioriser les <a title=\"Risque\" href=\"https:\/\/fr.wikipedia.org\/wiki\/Risque\">risques<\/a> relatifs aux activit\u00e9s d&rsquo;une organisation, quelles que soient la nature ou l&rsquo;origine de ces risques, pour les traiter m\u00e9thodiquement de mani\u00e8re coordonn\u00e9e et \u00e9conomique, de mani\u00e8re \u00e0 r\u00e9duire et contr\u00f4ler la probabilit\u00e9 des \u00e9v\u00e9nements redout\u00e9s, et r\u00e9duire l&rsquo;impact \u00e9ventuel de ces \u00e9v\u00e9nements.<\/p>\n<p>\u00c0 ce titre, il s&rsquo;agit d&rsquo;une composante de la strat\u00e9gie d&rsquo;entreprise et de la politique de \u00ab\u00a0Contr\u00f4le Interne\u00a0\u00bb (ICS) mise en place. Elle vise \u00e0 r\u00e9duire la probabilit\u00e9 d&rsquo;\u00e9chec ou d&rsquo;incertitude de tous les facteurs pouvant affecter son projet d&rsquo;entreprise (d\u00e9finition Wikip\u00e9dia).<\/p>\n<p>Un projet va aussi comprendre des risques et des \u00e9v\u00e9nements pouvant menacer sa bonne ex\u00e9cution (et principalement un ou plusieurs des composantes de base : le p\u00e9rim\u00e8tre, les timing, les co\u00fbts et\/ou la qualit\u00e9). La gestion de projet doit donc absolument pr\u00e9voir un volet \u00ab\u00a0gestion des risques projet\u00a0\u00bb.<\/p>\n<p>Faites appel \u00e0 nous et nous vous aiderons \u00e0 comprendre et int\u00e9grer le ph\u00e9nom\u00e8ne \u00ab\u00a0risques\u00a0\u00bb.<br \/>\nNous vous donnerons la m\u00e9thodologie et la structure n\u00e9cessaires et nous vous guiderons pas \u00e0 pas vers la mise au point et ensuite l&rsquo;ex\u00e9cution d&rsquo;un plan de gestion des risques (niveau organisation ou projet).<\/p>\n<h2>Formation en gestion des risques.<\/h2>\n<p>Nous proposons une formation pratique en mati\u00e8re de gestion des risques.<\/p>\n<p>A l&rsquo;issue de cette formation, vous serez en mesure de :<\/p>\n<ul>\n<li>comprendre les diff\u00e9rentes \u00e9tapes de la gestion des risques (selon FERMA: F\u00e9d\u00e9ration of European Risk Management Association);<\/li>\n<li>relier les risques aux processus de base et aux objectifs strat\u00e9giques de l&rsquo;organisation (ou du projet);<\/li>\n<li>pr\u00e9senter une m\u00e9thodologie permettant d&rsquo;identifier en groupe les risques de l&rsquo;organisation (du projet);<\/li>\n<li>analyser les risques et les opportunit\u00e9s (Risk Assessment);<br \/>\n&#8211; identifier les risques;<br \/>\n&#8211; d\u00e9crire les risques;<br \/>\n&#8211; estimer les risques;<\/li>\n<li>\u00e9valuer\/mesurer les risques (Risk Evaluation);<br \/>\n&#8211; l\u2019app\u00e9tence;<br \/>\n&#8211; le produit \u00ab\u00a0Impact\u00a0\u00bb x \u00ab\u00a0Probabilit\u00e9\u00a0\u00bb<br \/>\n&#8211; les KPI&rsquo;s<br \/>\n&#8211; le tableau de bord<\/li>\n<li>pr\u00e9senter les risques de fa\u00e7on synth\u00e9tique et synoptique (Risk Reporting);<\/li>\n<li>d\u00e9cider, pour chaque risque, du traitement ad\u00e9quat qui devra \u00eatre apport\u00e9 (Decision);<\/li>\n<li>\u00e9laborer et produire le \u00ab\u00a0Risk Management Plan\u00a0\u00bb global;<\/li>\n<li>traiter effectivement ces risques (Risk Treatment);<br \/>\n&#8211; par acceptation<br \/>\n&#8211; par r\u00e9duction<br \/>\n&#8211; par transfert<br \/>\n&#8211; par rejet<\/li>\n<li>pr\u00e9senter les risques r\u00e9siduels apr\u00e8s traitement (Residual Risk Reporting);<\/li>\n<li>suivre et adapter p\u00e9riodiquement le plan (Risk Monitoring &amp; Control);<\/li>\n<li>le cycle PDCA (Plan Do Chek Ac) de la gestion des risques.<\/li>\n<\/ul>\n<h2>Accompagnement de l&rsquo;ex\u00e9cution de votre plan de gestion des risques.<\/h2>\n<p>A l&rsquo;issue de la formation, nous pouvons \u00e9galement vous accompagner dans l\u2019\u00e9laboration et la mise en \u0153uvre de votre plan de gestion des risques.<br \/>\nDe cette mani\u00e8re, nous guiderons et coacherons pas \u00e0 pas votre responsable dans le suivi et le traitement de vos risques.<br \/>\nCet accompagnement se fera par des s\u00e9ances de \u00ab\u00a0guidage\u00a0\u00bb cibl\u00e9es et par des \u00e9valuations successives.<\/p>\n<p><strong>Mais une fois de plus, nous ne r\u00e9aliserons pas le \u00ab\u00a0boulot\u00a0\u00bb \u00e0 votre place &#8230; nous le ferons ensemble en valorisant les enseignements dispens\u00e9s et surtout les comp\u00e9tences pr\u00e9sentes dans votre soci\u00e9t\u00e9.<\/strong><\/p>\n","protected":false},"excerpt":{"rendered":"<p>Anticiper les soucis et profiter des opportunit\u00e9s. La gestion des risques, ou management du risque (risk management), est la discipline qui s&rsquo;attache \u00e0 identifier, \u00e9valuer et prioriser les risques relatifs aux activit\u00e9s d&rsquo;une organisation, quelles que soient la nature ou l&rsquo;origine de ces risques, pour les traiter m\u00e9thodiquement de mani\u00e8re coordonn\u00e9e et \u00e9conomique, de mani\u00e8re <a class=\"more-link\" href=\"https:\/\/alltogether.be\/index.php\/gestion-des-risques\/\">Lire plus &#8230;<\/a><\/p>\n","protected":false},"author":1,"featured_media":0,"parent":0,"menu_order":0,"comment_status":"closed","ping_status":"closed","template":"","meta":{"_exactmetrics_skip_tracking":false,"_exactmetrics_sitenote_active":false,"_exactmetrics_sitenote_note":"","_exactmetrics_sitenote_category":0,"footnotes":""},"class_list":["post-315","page","type-page","status-publish","hentry"],"_links":{"self":[{"href":"https:\/\/alltogether.be\/index.php\/wp-json\/wp\/v2\/pages\/315","targetHints":{"allow":["GET"]}}],"collection":[{"href":"https:\/\/alltogether.be\/index.php\/wp-json\/wp\/v2\/pages"}],"about":[{"href":"https:\/\/alltogether.be\/index.php\/wp-json\/wp\/v2\/types\/page"}],"author":[{"embeddable":true,"href":"https:\/\/alltogether.be\/index.php\/wp-json\/wp\/v2\/users\/1"}],"replies":[{"embeddable":true,"href":"https:\/\/alltogether.be\/index.php\/wp-json\/wp\/v2\/comments?post=315"}],"version-history":[{"count":8,"href":"https:\/\/alltogether.be\/index.php\/wp-json\/wp\/v2\/pages\/315\/revisions"}],"predecessor-version":[{"id":680,"href":"https:\/\/alltogether.be\/index.php\/wp-json\/wp\/v2\/pages\/315\/revisions\/680"}],"wp:attachment":[{"href":"https:\/\/alltogether.be\/index.php\/wp-json\/wp\/v2\/media?parent=315"}],"curies":[{"name":"wp","href":"https:\/\/api.w.org\/{rel}","templated":true}]}}