{"id":367,"date":"2017-06-13T20:57:14","date_gmt":"2017-06-13T18:57:14","guid":{"rendered":"http:\/\/alltogether.be\/?page_id=367"},"modified":"2017-09-26T18:12:56","modified_gmt":"2017-09-26T16:12:56","slug":"references","status":"publish","type":"page","link":"https:\/\/alltogether.be\/index.php\/references\/","title":{"rendered":"R\u00e9f\u00e9rences"},"content":{"rendered":"<div id=\"ember12769\" class=\"ui-tabpanel ember-view\" role=\"tabpanel\" aria-hidden=\"false\">\n<ul id=\"recommendation-list\" class=\"section-info\" tabindex=\"-1\" data-artdeco-is-focused=\"true\">\n<li id=\"ember12780\" class=\"pv-recommendation-entity pv4 ember-view\">\n<p class=\"pv-recommendation-entity__header\"><strong>Philippe Kellen<br \/>\n<\/strong><em>\u00ab\u00a0Eric has not only build a global overview of all IT projects needs to meet our challenges in the world of education, but also succeded to put them in production with his team ! <\/em><br \/>\n<em>In summary not only vision but also concretisation !<\/em><br \/>\n<em><em>Thanks !\u00a0\u00bb<\/em><\/em><\/p>\n<\/li>\n<li class=\"pv-recommendation-entity pv4 ember-view\"><strong>Johan Lambert<br \/>\n<\/strong><em><em>\u00ab\u00a0Eric est pragmatique, suit ses projets de la vision strat\u00e9gique, politique, au d\u00e9tail de la ligne de programmation, sait \u00e0 la fois conseiller, sentir et \u00e9couter, anticipe les besoins et les impr\u00e9vus pour un maximum d&rsquo;harmonie dans le groupe. Ses connaissances professionnelles et sa culture g\u00e9n\u00e9rale sont surprenantes, et s&rsquo;enrichissent chaque jour. Un officier, un gentleman, un agr\u00e9able coll\u00e8gue. J&rsquo;esp\u00e8re que nos routes se recroiseront.\u00a0\u00bb<\/em><\/em><\/li>\n<li class=\"pv-recommendation-entity pv4 ember-view\"><span class=\"\"><span class=\"\"><strong>Patrick Christiaens<br \/>\n<\/strong><\/span><\/span><em>\u00ab\u00a0J<span class=\"UFICommentBody\">&lsquo;ai \u00e9t\u00e9 ravi de pouvoir travailler et collaborer avec toi &#8230; et de faire partie de ton \u00e9quipe. Un management tout en douceur qui insuffle, plut\u00f4t qu&rsquo;impose, la dynamique n\u00e9cessaire pour que les nombreux projets et d\u00e9fis qui \u00e9taient les n\u00f4tres aient pu \u00eatre relev\u00e9s avec succ\u00e8s. Je te souhaite bon vent, et plein d&rsquo;\u00e9quipes qui auront \u00e0 leur tour l&rsquo;opportunit\u00e9 de te c\u00f4toyer\u00a0\u00bb.<\/span><\/em><\/li>\n<\/ul>\n<ul>\n<li><span class=\" UFICommentActorAndBody\"><span class=\" UFICommentActorAndBody\"><span class=\"\"><strong>Giovanni Spinato<\/strong><\/span><br \/>\n<em>\u00ab\u00a0<\/em><span data-ft=\"{&quot;tn&quot;:&quot;K&quot;}\"><span class=\"UFICommentBody _1n4g\"><em>S&rsquo;il fallait encore s&rsquo;en convaincre, vous ne faites que confirmer l&rsquo;adage \u00ab\u00a0ce sont toujours les meilleurs qui partent en premier\u00a0\u00bb!<\/em><br \/>\n<em>Je garderai l&rsquo;excellent souvenir d&rsquo;un Monsieur droit, honn\u00eate, et surtout profond\u00e9ment humain et faisant autant que possible abstraction des r\u00e8gles hi\u00e9rarchiques pourtant prioritaires et indispensables \u00e0 notre job tr\u00e8s particulier. Ces quelques ann\u00e9es \u00e0 la DG Fmn furent un r\u00e9el plaisir de faire partie non pas de votre personnel, mais bien de vos collaborateurs.\u00a0\u00bb<\/em><\/span><\/span><\/span><\/span><\/li>\n<li>\n<div class=\"UFICommentContent\">\u00a0<strong><span class=\" UFICommentActorAndBody\"><span class=\"\">Bernard Tubiermont<\/span> <\/span><\/strong><\/div>\n<div id=\"comment_js_t2\" class=\"UFIRow UFILastComment UFIComment _4oep\" role=\"article\" aria-label=\"Commenter\" data-ft=\"{&quot;tn&quot;:&quot;R&quot;}\">\n<div class=\"_3b-9\">\n<div>\n<div class=\"clearfix\">\n<div class=\"\">\n<div class=\"UFIImageBlockContent _42ef\">\n<div class=\"UFICommentContentBlock\">\n<div class=\"UFICommentContent\"><em><span class=\" UFICommentActorAndBody\"><span class=\"UFICommentBody\">\u00ab\u00a0Merci au meilleur manager que j&rsquo;ai rencontr\u00e9 de toute ma carri\u00e8re. On ne s&rsquo;est c\u00f4toy\u00e9 h\u00e9las que pendant quelque mois. Merci a l&rsquo;homme derri\u00e8re l&rsquo;officier.\u00a0\u00bb<\/span><\/span><\/em><\/div>\n<\/div>\n<div style=\"text-align: left;\"><\/div>\n<div><\/div>\n<\/div>\n<\/div>\n<\/div>\n<\/div>\n<\/div>\n<\/div>\n<\/li>\n<\/ul>\n<\/div>\n","protected":false},"excerpt":{"rendered":"<p>Philippe Kellen \u00ab\u00a0Eric has not only build a global overview of all IT projects needs to meet our challenges in the world of education, but also succeded to put them in production with his team ! In summary not only vision but also concretisation ! Thanks !\u00a0\u00bb Johan Lambert \u00ab\u00a0Eric est pragmatique, suit ses projets <a class=\"more-link\" href=\"https:\/\/alltogether.be\/index.php\/references\/\">Lire plus &#8230;<\/a><\/p>\n","protected":false},"author":1,"featured_media":0,"parent":0,"menu_order":0,"comment_status":"closed","ping_status":"closed","template":"","meta":{"_exactmetrics_skip_tracking":false,"_exactmetrics_sitenote_active":false,"_exactmetrics_sitenote_note":"","_exactmetrics_sitenote_category":0,"footnotes":""},"class_list":["post-367","page","type-page","status-publish","hentry"],"_links":{"self":[{"href":"https:\/\/alltogether.be\/index.php\/wp-json\/wp\/v2\/pages\/367","targetHints":{"allow":["GET"]}}],"collection":[{"href":"https:\/\/alltogether.be\/index.php\/wp-json\/wp\/v2\/pages"}],"about":[{"href":"https:\/\/alltogether.be\/index.php\/wp-json\/wp\/v2\/types\/page"}],"author":[{"embeddable":true,"href":"https:\/\/alltogether.be\/index.php\/wp-json\/wp\/v2\/users\/1"}],"replies":[{"embeddable":true,"href":"https:\/\/alltogether.be\/index.php\/wp-json\/wp\/v2\/comments?post=367"}],"version-history":[{"count":9,"href":"https:\/\/alltogether.be\/index.php\/wp-json\/wp\/v2\/pages\/367\/revisions"}],"predecessor-version":[{"id":844,"href":"https:\/\/alltogether.be\/index.php\/wp-json\/wp\/v2\/pages\/367\/revisions\/844"}],"wp:attachment":[{"href":"https:\/\/alltogether.be\/index.php\/wp-json\/wp\/v2\/media?parent=367"}],"curies":[{"name":"wp","href":"https:\/\/api.w.org\/{rel}","templated":true}]}}