{"id":440,"date":"2017-06-20T16:49:41","date_gmt":"2017-06-20T14:49:41","guid":{"rendered":"http:\/\/alltogether.be\/?page_id=440"},"modified":"2017-09-01T08:41:24","modified_gmt":"2017-09-01T06:41:24","slug":"qui-etes-vous","status":"publish","type":"page","link":"https:\/\/alltogether.be\/index.php\/qui-etes-vous\/","title":{"rendered":"Qui \u00eates-vous ?"},"content":{"rendered":"<p>Entre \u00ab\u00a0<strong>impossible<\/strong>\u00a0\u00bb et \u00ab\u00a0<strong>possible\u00a0\u00bb<\/strong>,<br \/>\nseulement deux petites lettres &#8230;<br \/>\nmais aussi et surtout un <strong>\u00e9tat d&rsquo;esprit<\/strong> &#8230;<\/p>\n<h2>Vous \u00eates une Start-Up,<\/h2>\n<p>Vous d\u00e9bordez d&rsquo;id\u00e9es, d&rsquo;\u00e9nergie et d&rsquo;enthousiasme,<br \/>\nVous avez besoin d&rsquo;une \u00ab\u00a0force tranquille\u00a0\u00bb qui vous donnera le recul, la structure et la m\u00e9thode n\u00e9cessaires.<br \/>\nNe cherchez plus &#8230;<br \/>\n<strong>AllTogether, we build your future<\/strong> peut vous aider, vous former, vous guider et vous accompagner &#8230;<br \/>\n<a href=\"http:\/\/alltogether.be\/index.php\/contacts\/\">Contactez nous<\/a><\/p>\n<h2>Vous \u00eates une PME,<\/h2>\n<p>Vous avez des id\u00e9es d\u2019extension, de r\u00e9orientation, de restructuration.<br \/>\nVous d\u00e9sirez faire le pas vers le num\u00e9rique et digitaliser vos flux documentaires et vos processus.<br \/>\nVous avez besoin d&rsquo;un regard et d&rsquo;un \u00e9clairage ext\u00e9rieurs qui vous guideront et vous accompagneront dans le d\u00e9veloppement votre entreprise.<br \/>\nNe cherchez plus &#8230;<br \/>\n<strong>AllTogether, we build your future<\/strong> peut vous inspirer, vous former et vous accompagner &#8230;<br \/>\n<a href=\"http:\/\/alltogether.be\/index.php\/contacts\/\">Contactez nous<\/a><\/p>\n<h2>Vous \u00eates une ville, une commune, une administration<\/h2>\n<p>Vous avez des projets, des d\u00e9fis, des obligations, &#8230;<br \/>\nVous d\u00e9sirez vous lancer dans la transformation digitale de vos services,<br \/>\nVous ne savez pas trop par ou commencer et vous pensez que votre personnel a besoin d&rsquo;un (petit) coup de main.<br \/>\nNe cherchez plus &#8230;<br \/>\n<strong>AllTogether, we build your future<\/strong> peut vous former, vous guider et vous accompagner &#8230;<br \/>\n<a href=\"http:\/\/alltogether.be\/index.php\/contacts\/\">Contactez nous<\/a><\/p>\n<h2>Vous \u00eatre une entreprise,<\/h2>\n<p>Vous avez des projets, des objectifs, des d\u00e9fis, &#8230;<br \/>\n<span class=\"_Tgc\">Vous d\u00e9sirez am\u00e9liorer votre productivit\u00e9, faire \u00e9voluer votre activit\u00e9 en menant une transformation digitale de vos processus.<br \/>\n<\/span>Vous d\u00e9sirez faire le pas vers plus d&rsquo;autonomie, de responsabilit\u00e9 et de m\u00e9thode pour vos collaborateurs.<br \/>\nNe cherchez plus &#8230;<br \/>\n<strong>AllTogether, we build your future<\/strong> peut vous former et vous accompagner &#8230;<br \/>\n<a href=\"http:\/\/alltogether.be\/index.php\/contacts\/\">Contactez nous<\/a><\/p>\n<h3><strong>Ensemble &#8230; cr\u00e9ons le Possible et construisons votre Futur<br \/>\n<\/strong><\/h3>\n","protected":false},"excerpt":{"rendered":"<p>Entre \u00ab\u00a0impossible\u00a0\u00bb et \u00ab\u00a0possible\u00a0\u00bb, seulement deux petites lettres &#8230; mais aussi et surtout un \u00e9tat d&rsquo;esprit &#8230; Vous \u00eates une Start-Up, Vous d\u00e9bordez d&rsquo;id\u00e9es, d&rsquo;\u00e9nergie et d&rsquo;enthousiasme, Vous avez besoin d&rsquo;une \u00ab\u00a0force tranquille\u00a0\u00bb qui vous donnera le recul, la structure et la m\u00e9thode n\u00e9cessaires. Ne cherchez plus &#8230; AllTogether, we build your future peut vous <a class=\"more-link\" href=\"https:\/\/alltogether.be\/index.php\/qui-etes-vous\/\">Lire plus &#8230;<\/a><\/p>\n","protected":false},"author":1,"featured_media":0,"parent":0,"menu_order":0,"comment_status":"closed","ping_status":"closed","template":"","meta":{"_exactmetrics_skip_tracking":false,"_exactmetrics_sitenote_active":false,"_exactmetrics_sitenote_note":"","_exactmetrics_sitenote_category":0,"footnotes":""},"class_list":["post-440","page","type-page","status-publish","hentry"],"_links":{"self":[{"href":"https:\/\/alltogether.be\/index.php\/wp-json\/wp\/v2\/pages\/440","targetHints":{"allow":["GET"]}}],"collection":[{"href":"https:\/\/alltogether.be\/index.php\/wp-json\/wp\/v2\/pages"}],"about":[{"href":"https:\/\/alltogether.be\/index.php\/wp-json\/wp\/v2\/types\/page"}],"author":[{"embeddable":true,"href":"https:\/\/alltogether.be\/index.php\/wp-json\/wp\/v2\/users\/1"}],"replies":[{"embeddable":true,"href":"https:\/\/alltogether.be\/index.php\/wp-json\/wp\/v2\/comments?post=440"}],"version-history":[{"count":14,"href":"https:\/\/alltogether.be\/index.php\/wp-json\/wp\/v2\/pages\/440\/revisions"}],"predecessor-version":[{"id":785,"href":"https:\/\/alltogether.be\/index.php\/wp-json\/wp\/v2\/pages\/440\/revisions\/785"}],"wp:attachment":[{"href":"https:\/\/alltogether.be\/index.php\/wp-json\/wp\/v2\/media?parent=440"}],"curies":[{"name":"wp","href":"https:\/\/api.w.org\/{rel}","templated":true}]}}