{"id":470,"date":"2017-06-22T09:46:54","date_gmt":"2017-06-22T07:46:54","guid":{"rendered":"http:\/\/alltogether.be\/?page_id=470"},"modified":"2017-09-01T08:48:06","modified_gmt":"2017-09-01T06:48:06","slug":"gestion-de-linformation","status":"publish","type":"page","link":"https:\/\/alltogether.be\/index.php\/gestion-de-linformation\/","title":{"rendered":"Gestion de l&rsquo;Information \/ Transformation digitale"},"content":{"rendered":"<div id=\"attachment_683\" style=\"width: 1127px\" class=\"wp-caption alignnone\"><img loading=\"lazy\" decoding=\"async\" aria-describedby=\"caption-attachment-683\" class=\" wp-image-683\" src=\"http:\/\/alltogether.be\/wp-content\/uploads\/2017\/06\/Card_Catalog_2.jpg\" alt=\"\" width=\"1117\" height=\"838\" srcset=\"https:\/\/alltogether.be\/wp-content\/uploads\/2017\/06\/Card_Catalog_2.jpg 2592w, https:\/\/alltogether.be\/wp-content\/uploads\/2017\/06\/Card_Catalog_2-300x225.jpg 300w, https:\/\/alltogether.be\/wp-content\/uploads\/2017\/06\/Card_Catalog_2-768x576.jpg 768w, https:\/\/alltogether.be\/wp-content\/uploads\/2017\/06\/Card_Catalog_2-1024x768.jpg 1024w\" sizes=\"auto, (max-width: 1117px) 100vw, 1117px\" \/><p id=\"caption-attachment-683\" class=\"wp-caption-text\">https:\/\/upload.wikimedia.org\/wikipedia\/commons\/f\/f7\/Card_Catalog_2.jpg<\/p><\/div>\n<h2>L&rsquo;infob\u00e9sit\u00e9 &#8230;<\/h2>\n<p>Nous sommes constamment aliment\u00e9s avec une masse consid\u00e9rable d&rsquo;information.<br \/>\nL&rsquo;informatique, la micro-informatique et l&rsquo;omnipr\u00e9sente \u00ab\u00a0digitalisation\u00a0\u00bb accentuent encore la tendance.<br \/>\nMais si nous ne les g\u00e9rons pas de fa\u00e7on rigoureuse, nous risquons tr\u00e8s vite d&rsquo;\u00eatre submerger et<br \/>\nde ne pas donner l&rsquo;int\u00e9r\u00eat voulu \u00e0 certaines informations importantes (voir m\u00eame les manquer !).<br \/>\nEn effet, \u00ab\u00a0<strong>trop d&rsquo;information, tue l&rsquo;information<\/strong>\u00ab\u00a0.<\/p>\n<p>Le ma\u00eetre mot est donc : gestion &#8230; <strong>Gestion de l&rsquo;information<\/strong> ou <strong>Gestion Documentaire<\/strong> (Information Management, Records Management, Archivage, &#8230;).<\/p>\n<p>Et qui dit \u00ab\u00a0<strong>Gestion de l&rsquo;Information<\/strong>\u00a0\u00bb dit naturellement \u00ab\u00a0<strong>Projet de Gestion de l&rsquo;Information<\/strong>\u00a0\u00bb et \u00ab\u00a0<strong>Transformation digitale<\/strong>\u00a0\u00bb &#8230; \ud83d\ude42 &#8230;<\/p>\n<h2>Formation en Gestion de l&rsquo;Information \/ Gestion documentaire \/ Transformation digitale.<\/h2>\n<p>Nous proposons une formation pratique en mati\u00e8re de gestion de l&rsquo;information.<\/p>\n<p>A l&rsquo;issue de cette formation, vous serez en mesure de :<\/p>\n<ul>\n<li style=\"list-style-type: none;\">\n<ul>\n<li>Comprendre les notions de <strong>donn\u00e9e<\/strong>, <strong>information<\/strong> et <strong>record<\/strong>.<\/li>\n<li>Comprendre l&rsquo;importance du \u00ab\u00a0<strong>Records Management<\/strong>\u00ab\u00a0.<\/li>\n<li>Identifier le cycle de vie d&rsquo;un \u00ab\u00a0<strong>Record<\/strong>\u00a0\u00bb (la th\u00e9orie des trois \u00e2ges).<\/li>\n<li>Faire le lien entre \u00ab\u00a0<strong>Record Management<\/strong>\u00a0\u00bb et \u00ab\u00a0<strong>Archivage<\/strong>\u00ab\u00a0<\/li>\n<li>Comprendre les <strong>caract\u00e9ristiques de base<\/strong> d&rsquo;un \u00ab\u00a0Record\u00a0\u00bb (meta data).<\/li>\n<li>D\u00e9terminer les <strong>conditions d&rsquo;un \u00ab\u00a0Record\u00a0\u00bb<\/strong> bien g\u00e9r\u00e9.<\/li>\n<li>Comprendre le concept \u00ab\u00a0<strong>Single version of the truth<\/strong>\u00ab\u00a0.<\/li>\n<li>Replacer la gestion de l&rsquo;information dans son <strong>contexte organisationnel<\/strong>.<\/li>\n<li>Comprendre c&rsquo;est qu&rsquo;est la <strong>gouvernance de l&rsquo;information.<\/strong><\/li>\n<li>Effectuer une <strong>analyse informationnelle<\/strong> de votre organisation.<\/li>\n<li>Comprendre en quoi un <strong>projet de gestion de l&rsquo;information <\/strong>ou <strong>de transformation digitale<\/strong><br \/>\n&#8211; est un Projet particulier<br \/>\n&#8211; mais un Projet \u00e0 part enti\u00e8re.<\/li>\n<li>Comprendre les <strong>conditions de succ\u00e8s<\/strong> d&rsquo;un projet de gestion de l&rsquo;information\/de transformation digitale.<\/li>\n<li>Comprendre la relation entre \u00ab\u00a0<strong>Processus<\/strong>\u00a0\u00bb et \u00ab\u00a0<strong>Records<\/strong>\u00ab\u00a0.<\/li>\n<li>Comprendre ce que sont la <strong>digitalisation,<\/strong> la <strong>GED <\/strong>(Gestion \u00e9lectronique des documents) et la notion \u00ab\u00a0<strong>paperless<\/strong>\u00ab\u00a0<strong>. <\/strong><\/li>\n<li>Comprendre ce qu&rsquo;est un <strong>RMS<\/strong> (Record Management System) et quels sont les crit\u00e8res de choix.<\/li>\n<li>Comprendre les <strong>\u00e9tapes<\/strong> d&rsquo;un projet de gestion de l&rsquo;information ou de transformation digitale.<\/li>\n<li>Comprendre la n\u00e9cessit\u00e9 d&rsquo;appliquer en parall\u00e8le un plan de <strong>gestion du changement.<\/strong><\/li>\n<li>Comprendre la n\u00e9cessit\u00e9 d&rsquo;appliquer en parall\u00e8le un plan de <strong>communicaion.<\/strong><\/li>\n<li>Comprendre le lien entre le RMS et l&rsquo;<strong>application m\u00e9tier<\/strong> (ERP).<\/li>\n<li>de mettre en \u0153uvre les <strong>m\u00e9thodes et techniques n\u00e9cessaires<\/strong> \u00e0 la gestion de l\u2019information et de fonds documentaires au sein des organisations (entreprises, institutions, associations, &#8230;).<\/li>\n<\/ul>\n<\/li>\n<\/ul>\n<h2>Accompagnement de l\u2019ex\u00e9cution de votre plan de Gestion de l&rsquo;information \/ Gestion documentaire \/ Transformation digitale.<\/h2>\n<p>A l\u2019issue de la formation, nous pouvons \u00e9galement vous accompagner dans l\u2019\u00e9laboration et la mise ne \u0153uvre de votre plan de gestion de l&rsquo;information.<br \/>\nDe cette mani\u00e8re, nous guiderons et coacherons pas \u00e0 pas votre responsable dans l\u2019introduction du changement vis\u00e9.<br \/>\nCet accompagnement se fera par des s\u00e9ances de \u00ab\u00a0guidage\u00a0\u00bb cibl\u00e9es et par des \u00e9valuations successives.<\/p>\n<p><strong>Mais une fois de plus, nous ne r\u00e9aliserons pas le \u00ab\u00a0boulot\u00a0\u00bb \u00e0 votre place \u2026 nous le ferons ensemble en valorisant les enseignements dispens\u00e9s et surtout les comp\u00e9tences pr\u00e9sentes dans votre soci\u00e9t\u00e9.<\/strong><\/p>\n","protected":false},"excerpt":{"rendered":"<p>L&rsquo;infob\u00e9sit\u00e9 &#8230; Nous sommes constamment aliment\u00e9s avec une masse consid\u00e9rable d&rsquo;information. L&rsquo;informatique, la micro-informatique et l&rsquo;omnipr\u00e9sente \u00ab\u00a0digitalisation\u00a0\u00bb accentuent encore la tendance. Mais si nous ne les g\u00e9rons pas de fa\u00e7on rigoureuse, nous risquons tr\u00e8s vite d&rsquo;\u00eatre submerger et de ne pas donner l&rsquo;int\u00e9r\u00eat voulu \u00e0 certaines informations importantes (voir m\u00eame les manquer !). En effet, <a class=\"more-link\" href=\"https:\/\/alltogether.be\/index.php\/gestion-de-linformation\/\">Lire plus &#8230;<\/a><\/p>\n","protected":false},"author":1,"featured_media":0,"parent":0,"menu_order":0,"comment_status":"closed","ping_status":"closed","template":"","meta":{"_exactmetrics_skip_tracking":false,"_exactmetrics_sitenote_active":false,"_exactmetrics_sitenote_note":"","_exactmetrics_sitenote_category":0,"footnotes":""},"class_list":["post-470","page","type-page","status-publish","hentry"],"_links":{"self":[{"href":"https:\/\/alltogether.be\/index.php\/wp-json\/wp\/v2\/pages\/470","targetHints":{"allow":["GET"]}}],"collection":[{"href":"https:\/\/alltogether.be\/index.php\/wp-json\/wp\/v2\/pages"}],"about":[{"href":"https:\/\/alltogether.be\/index.php\/wp-json\/wp\/v2\/types\/page"}],"author":[{"embeddable":true,"href":"https:\/\/alltogether.be\/index.php\/wp-json\/wp\/v2\/users\/1"}],"replies":[{"embeddable":true,"href":"https:\/\/alltogether.be\/index.php\/wp-json\/wp\/v2\/comments?post=470"}],"version-history":[{"count":12,"href":"https:\/\/alltogether.be\/index.php\/wp-json\/wp\/v2\/pages\/470\/revisions"}],"predecessor-version":[{"id":786,"href":"https:\/\/alltogether.be\/index.php\/wp-json\/wp\/v2\/pages\/470\/revisions\/786"}],"wp:attachment":[{"href":"https:\/\/alltogether.be\/index.php\/wp-json\/wp\/v2\/media?parent=470"}],"curies":[{"name":"wp","href":"https:\/\/api.w.org\/{rel}","templated":true}]}}