{"id":8,"date":"2017-05-26T15:23:40","date_gmt":"2017-05-26T13:23:40","guid":{"rendered":"http:\/\/alltogether.be\/?page_id=8"},"modified":"2017-09-28T21:33:47","modified_gmt":"2017-09-28T19:33:47","slug":"a-propos-de","status":"publish","type":"page","link":"https:\/\/alltogether.be\/index.php\/a-propos-de\/","title":{"rendered":"\u00c0 propos de"},"content":{"rendered":"<p>\u00ab\u00a0AllTogether, we build your future\u00a0\u00bb est une soci\u00e9t\u00e9 d&rsquo;accompagnement et de formation en entreprise :<\/p>\n<p>j&rsquo;en suis le principal artisan et le chef d&rsquo;orchestre.<\/p>\n<p>Gestion de projet, gestion du changement, transformation digitale, gestion de l&rsquo;information, gestion des risques, informatique de gestion, leadership, coaching et enfin management g\u00e9n\u00e9ral sont donc mes principales qualit\u00e9s professionnelles g\u00e9n\u00e9riques.<\/p>\n<p>Plus de 30 ann\u00e9es pass\u00e9es \u00e0 exercer mon m\u00e9tier de logisticien, d&rsquo;informaticien, de gestionnaire de l&rsquo;information et de responsable de projets au sein de la D\u00e9fense belge m&rsquo;ont permis de d\u00e9velopper, outre des comp\u00e9tences techniques sp\u00e9cifiques, toute une gamme de comp\u00e9tences manag\u00e9riales, comportementales et de leadership.<\/p>\n<p>Mon credo : Tous ENSEMBLE vers &#8230;<\/p>\n<p>Dot\u00e9 d&rsquo;une grande capacit\u00e9 d&rsquo;\u00e9coute, d&rsquo;une posture spontan\u00e9e d&rsquo;accompagnement et d&#8217;empathie, j&rsquo;aime tout particuli\u00e8rement amener mon \u00e9quipe de fa\u00e7on souple et coordonn\u00e9e vers nos objectifs communs. Je pratique donc journellement un coaching professionnel intuitif destin\u00e9 \u00e0 faire grandir mon \u00e9quipe dans l&rsquo;ex\u00e9cution des projets assign\u00e9s et de ses t\u00e2ches journali\u00e8res &#8230;<\/p>\n<p>Soyez, le temps de votre projet ou de votre formation, mon \u00e9quipe &#8230;<\/p>\n<p>EricP<\/p>\n<p>PS : Vous voulez en savoir plus ?<br \/>\nPas de souci &#8230; Consultez <a href=\"https:\/\/www.linkedin.com\/in\/ericplasman\/\"><strong>mon profil LINKEDIN<\/strong><\/a>, il vous dira tout (ou presque \ud83d\ude42 &#8230;).<\/p>\n<p>&nbsp;<\/p>\n","protected":false},"excerpt":{"rendered":"<p>\u00ab\u00a0AllTogether, we build your future\u00a0\u00bb est une soci\u00e9t\u00e9 d&rsquo;accompagnement et de formation en entreprise : j&rsquo;en suis le principal artisan et le chef d&rsquo;orchestre. Gestion de projet, gestion du changement, transformation digitale, gestion de l&rsquo;information, gestion des risques, informatique de gestion, leadership, coaching et enfin management g\u00e9n\u00e9ral sont donc mes principales qualit\u00e9s professionnelles g\u00e9n\u00e9riques. Plus <a class=\"more-link\" href=\"https:\/\/alltogether.be\/index.php\/a-propos-de\/\">Lire plus &#8230;<\/a><\/p>\n","protected":false},"author":1,"featured_media":0,"parent":0,"menu_order":0,"comment_status":"closed","ping_status":"closed","template":"","meta":{"_exactmetrics_skip_tracking":false,"_exactmetrics_sitenote_active":false,"_exactmetrics_sitenote_note":"","_exactmetrics_sitenote_category":0,"footnotes":""},"class_list":["post-8","page","type-page","status-publish","hentry"],"_links":{"self":[{"href":"https:\/\/alltogether.be\/index.php\/wp-json\/wp\/v2\/pages\/8","targetHints":{"allow":["GET"]}}],"collection":[{"href":"https:\/\/alltogether.be\/index.php\/wp-json\/wp\/v2\/pages"}],"about":[{"href":"https:\/\/alltogether.be\/index.php\/wp-json\/wp\/v2\/types\/page"}],"author":[{"embeddable":true,"href":"https:\/\/alltogether.be\/index.php\/wp-json\/wp\/v2\/users\/1"}],"replies":[{"embeddable":true,"href":"https:\/\/alltogether.be\/index.php\/wp-json\/wp\/v2\/comments?post=8"}],"version-history":[{"count":7,"href":"https:\/\/alltogether.be\/index.php\/wp-json\/wp\/v2\/pages\/8\/revisions"}],"predecessor-version":[{"id":783,"href":"https:\/\/alltogether.be\/index.php\/wp-json\/wp\/v2\/pages\/8\/revisions\/783"}],"wp:attachment":[{"href":"https:\/\/alltogether.be\/index.php\/wp-json\/wp\/v2\/media?parent=8"}],"curies":[{"name":"wp","href":"https:\/\/api.w.org\/{rel}","templated":true}]}}